{"id":43,"date":"2026-01-06T17:41:50","date_gmt":"2026-01-06T15:41:50","guid":{"rendered":"https:\/\/hopgrade-conseil.fr\/index.php\/bilan-de-competences\/"},"modified":"2026-02-18T17:48:25","modified_gmt":"2026-02-18T15:48:25","slug":"bilan-de-competences","status":"publish","type":"page","link":"https:\/\/hopgrade-conseil.fr\/index.php\/bilan-de-competences\/","title":{"rendered":"Bilan de comp\u00e9tences"},"content":{"rendered":"\n<p><em>\u00ab\u00a0Croyez en vos r\u00eaves, ils se r\u00e9aliseront peut-\u00eatre.\u00a0Croyez en vous, ils se r\u00e9aliseront s\u00fbrement \u00bb &#8211; Martin Luther-King.<\/em><\/p>\n\n\n\n<section class=\"wp-block-group alignfull is-style-default has-global-padding is-layout-constrained wp-block-group-is-layout-constrained\" style=\"margin-top:0;margin-bottom:0\">\n<div class=\"wp-block-group alignwide is-layout-flow wp-block-group-is-layout-flow\">\n<div class=\"wp-block-columns are-vertically-aligned-center is-layout-flex wp-container-core-columns-is-layout-28232c24 wp-block-columns-is-layout-flex\">\n<div class=\"wp-block-column is-vertically-aligned-center is-layout-flow wp-block-column-is-layout-flow\">\n<div class=\"wp-block-group is-layout-flow wp-block-group-is-layout-flow\">\n<figure class=\"wp-block-image size-full\"><img loading=\"lazy\" decoding=\"async\" width=\"2560\" height=\"1707\" src=\"https:\/\/hopgrade-conseil.fr\/wp-content\/uploads\/2025\/12\/michael-yuan-irisojcwKaM-unsplash-scaled.jpg\" alt=\"\" class=\"wp-image-17\" style=\"aspect-ratio:3\/3.5;object-fit:cover\" srcset=\"https:\/\/hopgrade-conseil.fr\/wp-content\/uploads\/2025\/12\/michael-yuan-irisojcwKaM-unsplash-scaled.jpg 2560w, https:\/\/hopgrade-conseil.fr\/wp-content\/uploads\/2025\/12\/michael-yuan-irisojcwKaM-unsplash-300x200.jpg 300w, https:\/\/hopgrade-conseil.fr\/wp-content\/uploads\/2025\/12\/michael-yuan-irisojcwKaM-unsplash-1024x683.jpg 1024w, https:\/\/hopgrade-conseil.fr\/wp-content\/uploads\/2025\/12\/michael-yuan-irisojcwKaM-unsplash-768x512.jpg 768w, https:\/\/hopgrade-conseil.fr\/wp-content\/uploads\/2025\/12\/michael-yuan-irisojcwKaM-unsplash-1536x1024.jpg 1536w, https:\/\/hopgrade-conseil.fr\/wp-content\/uploads\/2025\/12\/michael-yuan-irisojcwKaM-unsplash-2048x1365.jpg 2048w\" sizes=\"auto, (max-width: 2560px) 100vw, 2560px\" \/><\/figure>\n<\/div>\n<\/div>\n\n\n\n<div class=\"wp-block-column is-vertically-aligned-center is-layout-flow wp-container-core-column-is-layout-f1b65ef7 wp-block-column-is-layout-flow\">\n<div class=\"wp-block-group is-layout-flow wp-block-group-is-layout-flow\" style=\"padding-top:var(--wp--preset--spacing--64);padding-right:var(--wp--preset--spacing--120);padding-bottom:var(--wp--preset--spacing--64);padding-left:var(--wp--preset--spacing--120)\">\n<div class=\"wp-block-group is-layout-flow wp-container-core-group-is-layout-26ef70db wp-block-group-is-layout-flow\">\n<h4 class=\"wp-block-heading is-style-text-note-3 is-style-text-note-3--1\" style=\"letter-spacing:2px;line-height:1;text-transform:uppercase\">en savoir (un peu) plus<\/h4>\n\n\n\n<h2 class=\"wp-block-heading is-style-text-lead is-style-text-lead--2\">Simple, efficace. <br>What else?<\/h2>\n<\/div>\n\n\n\n<div class=\"wp-block-group has-global-padding is-layout-constrained wp-block-group-is-layout-constrained\">\n<p>Finis les bilans de comp\u00e9tences qui ressemblent \u00e0 une visite chez le dentiste. Ensemble, on <strong>d\u00e9crypte vos super-pouvoirs<\/strong>, on <strong>chasse les doutes<\/strong> et on <strong>construit un projet qui vous fait vibrer<\/strong> \u2013 le tout avec des outils qui sortent des sentiers battus et une bonne dose de bienveillance.<\/p>\n\n\n\n<p><strong>Pourquoi se contenter d\u2019un job quand on peut trouver SA place ?<\/strong> Que vous ayez envie de <strong>pivoter, \u00e9voluer ou simplement mieux vous conna\u00eetre<\/strong>, on va : \u2705 <strong>D\u00e9cloisonner<\/strong> vos id\u00e9es re\u00e7ues sur vous-m\u00eame \u2705 <strong>R\u00e9veiller<\/strong> vos talents (m\u00eame ceux que vous ignorez) \u2705 <strong>Tracer<\/strong> une voie qui a du sens <em>pour vous<\/em><\/p>\n\n\n\n<p class=\"is-style-text-aware-1 is-style-text-subtitle-2 has-secondary-800-color has-text-color has-link-color wp-elements-ada3a67373eb7896b2f554942c2a7035 is-style-text-subtitle-2--3\">Pr\u00eat\u00b7e \u00e0 passer en mode <strong>\u00ab\u00a0J\u2019y crois, et j\u2019y vais\u00a0\u00bb<\/strong> ?<\/p>\n\n\n\n<p class=\"is-style-text-aware-1 is-style-text-subtitle-2 has-secondary-800-color has-text-color has-link-color wp-elements-05e5f78a18213b924d35cc63977c0642 is-style-text-subtitle-2--4\">No two players are the same. That\u2019s why I tailor .<\/p>\n<\/div>\n<\/div>\n<\/div>\n<\/div>\n<\/div>\n<\/section>\n","protected":false},"excerpt":{"rendered":"<p>\u00ab\u00a0Croyez en vos r\u00eaves, ils se r\u00e9aliseront peut-\u00eatre.\u00a0Croyez en vous, ils se r\u00e9aliseront s\u00fbrement \u00bb &#8211; Martin Luther-King. en savoir (un peu) plus Simple, efficace. What else? Finis les bilans de comp\u00e9tences qui ressemblent \u00e0 une visite chez le dentiste. Ensemble, on d\u00e9crypte vos super-pouvoirs, on chasse les doutes et on construit un projet qui [&hellip;]<\/p>\n","protected":false},"author":1,"featured_media":0,"parent":0,"menu_order":0,"comment_status":"closed","ping_status":"closed","template":"","meta":{"footnotes":""},"class_list":["post-43","page","type-page","status-publish","hentry"],"yoast_head":"<!-- This site is optimized with the Yoast SEO plugin v27.0 - https:\/\/yoast.com\/product\/yoast-seo-wordpress\/ -->\n<title>Bilan de comp\u00e9tences - HopGrade Conseil<\/title>\n<meta name=\"robots\" content=\"index, follow, max-snippet:-1, max-image-preview:large, max-video-preview:-1\" \/>\n<link rel=\"canonical\" href=\"https:\/\/hopgrade-conseil.fr\/index.php\/bilan-de-competences\/\" \/>\n<meta property=\"og:locale\" content=\"fr_FR\" \/>\n<meta property=\"og:type\" content=\"article\" \/>\n<meta property=\"og:title\" content=\"Bilan de comp\u00e9tences - HopGrade Conseil\" \/>\n<meta property=\"og:description\" content=\"\u00ab\u00a0Croyez en vos r\u00eaves, ils se r\u00e9aliseront peut-\u00eatre.\u00a0Croyez en vous, ils se r\u00e9aliseront s\u00fbrement \u00bb &#8211; Martin Luther-King. en savoir (un peu) plus Simple, efficace. What else? Finis les bilans de comp\u00e9tences qui ressemblent \u00e0 une visite chez le dentiste. Ensemble, on d\u00e9crypte vos super-pouvoirs, on chasse les doutes et on construit un projet qui [&hellip;]\" \/>\n<meta property=\"og:url\" content=\"https:\/\/hopgrade-conseil.fr\/index.php\/bilan-de-competences\/\" \/>\n<meta property=\"og:site_name\" content=\"HopGrade Conseil\" \/>\n<meta property=\"article:modified_time\" content=\"2026-02-18T15:48:25+00:00\" \/>\n<meta property=\"og:image\" content=\"https:\/\/hopgrade-conseil.fr\/wp-content\/uploads\/2025\/12\/michael-yuan-irisojcwKaM-unsplash-scaled.jpg\" \/>\n\t<meta property=\"og:image:width\" content=\"2560\" \/>\n\t<meta property=\"og:image:height\" content=\"1707\" \/>\n\t<meta property=\"og:image:type\" content=\"image\/jpeg\" \/>\n<meta name=\"twitter:card\" content=\"summary_large_image\" \/>\n<meta name=\"twitter:label1\" content=\"Dur\u00e9e de lecture estim\u00e9e\" \/>\n\t<meta name=\"twitter:data1\" content=\"1 minute\" \/>\n<script type=\"application\/ld+json\" class=\"yoast-schema-graph\">{\"@context\":\"https:\/\/schema.org\",\"@graph\":[{\"@type\":\"WebPage\",\"@id\":\"https:\/\/hopgrade-conseil.fr\/index.php\/bilan-de-competences\/\",\"url\":\"https:\/\/hopgrade-conseil.fr\/index.php\/bilan-de-competences\/\",\"name\":\"Bilan de comp\u00e9tences - HopGrade Conseil\",\"isPartOf\":{\"@id\":\"https:\/\/hopgrade-conseil.fr\/#website\"},\"primaryImageOfPage\":{\"@id\":\"https:\/\/hopgrade-conseil.fr\/index.php\/bilan-de-competences\/#primaryimage\"},\"image\":{\"@id\":\"https:\/\/hopgrade-conseil.fr\/index.php\/bilan-de-competences\/#primaryimage\"},\"thumbnailUrl\":\"https:\/\/hopgrade-conseil.fr\/wp-content\/uploads\/2025\/12\/michael-yuan-irisojcwKaM-unsplash-scaled.jpg\",\"datePublished\":\"2026-01-06T15:41:50+00:00\",\"dateModified\":\"2026-02-18T15:48:25+00:00\",\"breadcrumb\":{\"@id\":\"https:\/\/hopgrade-conseil.fr\/index.php\/bilan-de-competences\/#breadcrumb\"},\"inLanguage\":\"fr-FR\",\"potentialAction\":[{\"@type\":\"ReadAction\",\"target\":[\"https:\/\/hopgrade-conseil.fr\/index.php\/bilan-de-competences\/\"]}]},{\"@type\":\"ImageObject\",\"inLanguage\":\"fr-FR\",\"@id\":\"https:\/\/hopgrade-conseil.fr\/index.php\/bilan-de-competences\/#primaryimage\",\"url\":\"https:\/\/hopgrade-conseil.fr\/wp-content\/uploads\/2025\/12\/michael-yuan-irisojcwKaM-unsplash-scaled.jpg\",\"contentUrl\":\"https:\/\/hopgrade-conseil.fr\/wp-content\/uploads\/2025\/12\/michael-yuan-irisojcwKaM-unsplash-scaled.jpg\",\"width\":2560,\"height\":1707},{\"@type\":\"BreadcrumbList\",\"@id\":\"https:\/\/hopgrade-conseil.fr\/index.php\/bilan-de-competences\/#breadcrumb\",\"itemListElement\":[{\"@type\":\"ListItem\",\"position\":1,\"name\":\"Accueil\",\"item\":\"https:\/\/hopgrade-conseil.fr\/\"},{\"@type\":\"ListItem\",\"position\":2,\"name\":\"Bilan de comp\u00e9tences\"}]},{\"@type\":\"WebSite\",\"@id\":\"https:\/\/hopgrade-conseil.fr\/#website\",\"url\":\"https:\/\/hopgrade-conseil.fr\/\",\"name\":\"HopGrade Conseil\",\"description\":\"Osez Briller !\",\"potentialAction\":[{\"@type\":\"SearchAction\",\"target\":{\"@type\":\"EntryPoint\",\"urlTemplate\":\"https:\/\/hopgrade-conseil.fr\/?s={search_term_string}\"},\"query-input\":{\"@type\":\"PropertyValueSpecification\",\"valueRequired\":true,\"valueName\":\"search_term_string\"}}],\"inLanguage\":\"fr-FR\"}]}<\/script>\n<!-- \/ Yoast SEO plugin. -->","yoast_head_json":{"title":"Bilan de comp\u00e9tences - HopGrade Conseil","robots":{"index":"index","follow":"follow","max-snippet":"max-snippet:-1","max-image-preview":"max-image-preview:large","max-video-preview":"max-video-preview:-1"},"canonical":"https:\/\/hopgrade-conseil.fr\/index.php\/bilan-de-competences\/","og_locale":"fr_FR","og_type":"article","og_title":"Bilan de comp\u00e9tences - HopGrade Conseil","og_description":"\u00ab\u00a0Croyez en vos r\u00eaves, ils se r\u00e9aliseront peut-\u00eatre.\u00a0Croyez en vous, ils se r\u00e9aliseront s\u00fbrement \u00bb &#8211; Martin Luther-King. en savoir (un peu) plus Simple, efficace. What else? Finis les bilans de comp\u00e9tences qui ressemblent \u00e0 une visite chez le dentiste. Ensemble, on d\u00e9crypte vos super-pouvoirs, on chasse les doutes et on construit un projet qui [&hellip;]","og_url":"https:\/\/hopgrade-conseil.fr\/index.php\/bilan-de-competences\/","og_site_name":"HopGrade Conseil","article_modified_time":"2026-02-18T15:48:25+00:00","og_image":[{"width":2560,"height":1707,"url":"https:\/\/hopgrade-conseil.fr\/wp-content\/uploads\/2025\/12\/michael-yuan-irisojcwKaM-unsplash-scaled.jpg","type":"image\/jpeg"}],"twitter_card":"summary_large_image","twitter_misc":{"Dur\u00e9e de lecture estim\u00e9e":"1 minute"},"schema":{"@context":"https:\/\/schema.org","@graph":[{"@type":"WebPage","@id":"https:\/\/hopgrade-conseil.fr\/index.php\/bilan-de-competences\/","url":"https:\/\/hopgrade-conseil.fr\/index.php\/bilan-de-competences\/","name":"Bilan de comp\u00e9tences - HopGrade Conseil","isPartOf":{"@id":"https:\/\/hopgrade-conseil.fr\/#website"},"primaryImageOfPage":{"@id":"https:\/\/hopgrade-conseil.fr\/index.php\/bilan-de-competences\/#primaryimage"},"image":{"@id":"https:\/\/hopgrade-conseil.fr\/index.php\/bilan-de-competences\/#primaryimage"},"thumbnailUrl":"https:\/\/hopgrade-conseil.fr\/wp-content\/uploads\/2025\/12\/michael-yuan-irisojcwKaM-unsplash-scaled.jpg","datePublished":"2026-01-06T15:41:50+00:00","dateModified":"2026-02-18T15:48:25+00:00","breadcrumb":{"@id":"https:\/\/hopgrade-conseil.fr\/index.php\/bilan-de-competences\/#breadcrumb"},"inLanguage":"fr-FR","potentialAction":[{"@type":"ReadAction","target":["https:\/\/hopgrade-conseil.fr\/index.php\/bilan-de-competences\/"]}]},{"@type":"ImageObject","inLanguage":"fr-FR","@id":"https:\/\/hopgrade-conseil.fr\/index.php\/bilan-de-competences\/#primaryimage","url":"https:\/\/hopgrade-conseil.fr\/wp-content\/uploads\/2025\/12\/michael-yuan-irisojcwKaM-unsplash-scaled.jpg","contentUrl":"https:\/\/hopgrade-conseil.fr\/wp-content\/uploads\/2025\/12\/michael-yuan-irisojcwKaM-unsplash-scaled.jpg","width":2560,"height":1707},{"@type":"BreadcrumbList","@id":"https:\/\/hopgrade-conseil.fr\/index.php\/bilan-de-competences\/#breadcrumb","itemListElement":[{"@type":"ListItem","position":1,"name":"Accueil","item":"https:\/\/hopgrade-conseil.fr\/"},{"@type":"ListItem","position":2,"name":"Bilan de comp\u00e9tences"}]},{"@type":"WebSite","@id":"https:\/\/hopgrade-conseil.fr\/#website","url":"https:\/\/hopgrade-conseil.fr\/","name":"HopGrade Conseil","description":"Osez Briller !","potentialAction":[{"@type":"SearchAction","target":{"@type":"EntryPoint","urlTemplate":"https:\/\/hopgrade-conseil.fr\/?s={search_term_string}"},"query-input":{"@type":"PropertyValueSpecification","valueRequired":true,"valueName":"search_term_string"}}],"inLanguage":"fr-FR"}]}},"_links":{"self":[{"href":"https:\/\/hopgrade-conseil.fr\/index.php\/wp-json\/wp\/v2\/pages\/43","targetHints":{"allow":["GET"]}}],"collection":[{"href":"https:\/\/hopgrade-conseil.fr\/index.php\/wp-json\/wp\/v2\/pages"}],"about":[{"href":"https:\/\/hopgrade-conseil.fr\/index.php\/wp-json\/wp\/v2\/types\/page"}],"author":[{"embeddable":true,"href":"https:\/\/hopgrade-conseil.fr\/index.php\/wp-json\/wp\/v2\/users\/1"}],"replies":[{"embeddable":true,"href":"https:\/\/hopgrade-conseil.fr\/index.php\/wp-json\/wp\/v2\/comments?post=43"}],"version-history":[{"count":3,"href":"https:\/\/hopgrade-conseil.fr\/index.php\/wp-json\/wp\/v2\/pages\/43\/revisions"}],"predecessor-version":[{"id":147,"href":"https:\/\/hopgrade-conseil.fr\/index.php\/wp-json\/wp\/v2\/pages\/43\/revisions\/147"}],"wp:attachment":[{"href":"https:\/\/hopgrade-conseil.fr\/index.php\/wp-json\/wp\/v2\/media?parent=43"}],"curies":[{"name":"wp","href":"https:\/\/api.w.org\/{rel}","templated":true}]}}