{"id":45,"date":"2026-01-06T17:43:16","date_gmt":"2026-01-06T15:43:16","guid":{"rendered":"https:\/\/hopgrade-conseil.fr\/index.php\/ikigai\/"},"modified":"2026-02-17T11:17:09","modified_gmt":"2026-02-17T09:17:09","slug":"accompagnement-ikigai","status":"publish","type":"page","link":"https:\/\/hopgrade-conseil.fr\/index.php\/accompagnement-ikigai\/","title":{"rendered":"Accompagnement ikigai"},"content":{"rendered":"\n<p><em>\u00ab\u00a0Votre ikiga\u00ef ne se trouve pas l\u00e0-bas, mais en vous. Explorez votre \u00e2me pour le d\u00e9couvrir.\u00a0\u00bb Inconnu.<\/em><\/p>\n\n\n\n<section class=\"wp-block-group alignfull is-style-default has-global-padding is-layout-constrained wp-block-group-is-layout-constrained\" style=\"margin-top:0;margin-bottom:0\">\n<div class=\"wp-block-group alignwide is-layout-flow wp-block-group-is-layout-flow\">\n<div class=\"wp-block-columns are-vertically-aligned-center is-layout-flex wp-container-core-columns-is-layout-28232c24 wp-block-columns-is-layout-flex\">\n<div class=\"wp-block-column is-vertically-aligned-center is-layout-flow wp-block-column-is-layout-flow\">\n<div class=\"wp-block-group is-layout-flow wp-block-group-is-layout-flow\">\n<figure class=\"wp-block-image size-full\"><img loading=\"lazy\" decoding=\"async\" width=\"1801\" height=\"2560\" src=\"https:\/\/hopgrade-conseil.fr\/wp-content\/uploads\/2025\/12\/Ikigai-Carnet-de-bord.be_1-scaled.png\" alt=\"\" class=\"wp-image-23\" style=\"aspect-ratio:3\/3.5;object-fit:cover\" srcset=\"https:\/\/hopgrade-conseil.fr\/wp-content\/uploads\/2025\/12\/Ikigai-Carnet-de-bord.be_1-scaled.png 1801w, https:\/\/hopgrade-conseil.fr\/wp-content\/uploads\/2025\/12\/Ikigai-Carnet-de-bord.be_1-211x300.png 211w, https:\/\/hopgrade-conseil.fr\/wp-content\/uploads\/2025\/12\/Ikigai-Carnet-de-bord.be_1-721x1024.png 721w, https:\/\/hopgrade-conseil.fr\/wp-content\/uploads\/2025\/12\/Ikigai-Carnet-de-bord.be_1-768x1091.png 768w, https:\/\/hopgrade-conseil.fr\/wp-content\/uploads\/2025\/12\/Ikigai-Carnet-de-bord.be_1-1081x1536.png 1081w, https:\/\/hopgrade-conseil.fr\/wp-content\/uploads\/2025\/12\/Ikigai-Carnet-de-bord.be_1-1441x2048.png 1441w\" sizes=\"auto, (max-width: 1801px) 100vw, 1801px\" \/><\/figure>\n<\/div>\n<\/div>\n\n\n\n<div class=\"wp-block-column is-vertically-aligned-center is-layout-flow wp-container-core-column-is-layout-f1b65ef7 wp-block-column-is-layout-flow\">\n<div class=\"wp-block-group is-layout-flow wp-block-group-is-layout-flow\" style=\"padding-top:var(--wp--preset--spacing--64);padding-right:var(--wp--preset--spacing--120);padding-bottom:var(--wp--preset--spacing--64);padding-left:var(--wp--preset--spacing--120)\">\n<div class=\"wp-block-group is-layout-flow wp-container-core-group-is-layout-26ef70db wp-block-group-is-layout-flow\">\n<h4 class=\"wp-block-heading is-style-text-note-3 is-style-text-note-3--1\" style=\"letter-spacing:2px;line-height:1;text-transform:uppercase\">en savoir (un peu) plus<\/h4>\n\n\n\n<h2 class=\"wp-block-heading is-style-text-lead is-style-text-lead--2\">Vous avez dit \u00ab\u00a0Ikigai\u00a0\u00bb ? <\/h2>\n<\/div>\n\n\n\n<div class=\"wp-block-group has-global-padding is-layout-constrained wp-block-group-is-layout-constrained\">\n<p class=\"is-style-text-aware-1 is-style-text-subtitle-2 has-secondary-800-color has-text-color has-link-color wp-elements-6fc0035374aab272ad89d24fa4edcf7d is-style-text-subtitle-2--3\">Mais qu&rsquo;est-ce-que donc que cette petite b\u00eate? <br>Spoiler alert : Ce n&rsquo;est ni une figure de karat\u00e9, ni un sushi \ud83c\udf63 &#8230;<br>L&rsquo;Ikigai est un concept Japonais, qui pourrait se traduire par \u00ab\u00a0raison d&rsquo;\u00eatre\u00a0\u00bb, par \u00ab\u00a0notre raison de nous lever le matin\u00a0\u00bb. Plus concr\u00e8tement, il s&rsquo;agit d&rsquo;une occupation (professionnelle&#8230; ou non) permettant d&rsquo;\u00eatre \u00e0 la fois utile, tout en prenant un r\u00e9el plaisir dans cette activit\u00e9, qui procure un challenge \u00e0 sa mesure et de la satisfaction (plut\u00f4t pas mal, non?).<\/p>\n\n\n\n<p class=\"is-style-text-aware-1 is-style-text-subtitle-2 has-secondary-800-color has-text-color has-link-color wp-elements-3921d2fade3383d0b7ebbbaa5ccbd0d6 is-style-text-subtitle-2--4\">Chaque personne a un ikigai, mais il n&rsquo;est pas forc\u00e9ment ais\u00e9 \u00e0 trouver. Il est cach\u00e9 en nous (parfois m\u00eame tr\u00e8s bien) et requiert une exploration patiente et bienveillante pour le d\u00e9couvrir. <br>C&rsquo;est sur la base de cet outil puissant que je vous propose de vous accompagner, quelle que soit l&rsquo;\u00e9tape de votre vie. Au fil des s\u00e9ances, nous explorons chaque cercle, chaque intersection, nous d\u00e9roulons le fil rouge qui vous permettra de pouvoir orienter vos choix professionnels (ou non) et d&rsquo;envisager des m\u00e9tiers \u00e9panouissants pour vous.  (je vous l&rsquo;avais dit, c &lsquo;est chouette \u2728)<\/p>\n<\/div>\n<\/div>\n<\/div>\n<\/div>\n\n\n\n<div class=\"wp-block-group alignfull has-text-color has-background is-layout-flow wp-block-group-is-layout-flow\" style=\"color:#000000;background-color:#ffffff\">\n<p class=\"has-text-align-center has-small-font-size\" style=\"line-height:.9\"><strong>Contactez moi<\/strong><\/p>\n\n\n\n<h2 class=\"wp-block-heading has-text-align-center\" id=\"schedule-a-visit\" style=\"font-size:clamp(32.969px, 2.061rem + ((1vw - 3.2px) * 2.552), 59px);px;line-height:1.15\"><strong>1er RDV gratuit <\/strong><br><strong>et sans engagement<\/strong><\/h2>\n\n\n\n<div class=\"wp-block-buttons is-horizontal is-content-justification-center is-layout-flex wp-container-core-buttons-is-layout-03627597 wp-block-buttons-is-layout-flex\">\n<div class=\"wp-block-button has-custom-width wp-block-button__width-50\"><a class=\"wp-block-button__link has-text-color has-background wp-element-button\" style=\"border-radius:50px;color:#ffffff;background-color:#000000\">Je prends un temps d&rsquo;\u00e9change<\/a><\/div>\n<\/div>\n\n\n\n<div style=\"height:64px\" aria-hidden=\"true\" class=\"wp-block-spacer\"><\/div>\n<\/div>\n<\/div>\n<\/section>\n","protected":false},"excerpt":{"rendered":"<p>\u00ab\u00a0Votre ikiga\u00ef ne se trouve pas l\u00e0-bas, mais en vous. Explorez votre \u00e2me pour le d\u00e9couvrir.\u00a0\u00bb Inconnu. en savoir (un peu) plus Vous avez dit \u00ab\u00a0Ikigai\u00a0\u00bb ? Mais qu&rsquo;est-ce-que donc que cette petite b\u00eate? Spoiler alert : Ce n&rsquo;est ni une figure de karat\u00e9, ni un sushi \ud83c\udf63 &#8230;L&rsquo;Ikigai est un concept Japonais, qui pourrait [&hellip;]<\/p>\n","protected":false},"author":1,"featured_media":0,"parent":0,"menu_order":0,"comment_status":"closed","ping_status":"closed","template":"","meta":{"footnotes":""},"class_list":["post-45","page","type-page","status-publish","hentry"],"yoast_head":"<!-- This site is optimized with the Yoast SEO plugin v27.0 - https:\/\/yoast.com\/product\/yoast-seo-wordpress\/ -->\n<title>Accompagnement ikigai - HopGrade Conseil<\/title>\n<meta name=\"description\" content=\"Accompagnement ikigai\" \/>\n<meta name=\"robots\" content=\"index, follow, max-snippet:-1, max-image-preview:large, max-video-preview:-1\" \/>\n<link rel=\"canonical\" href=\"https:\/\/hopgrade-conseil.fr\/index.php\/accompagnement-ikigai\/\" \/>\n<meta property=\"og:locale\" content=\"fr_FR\" \/>\n<meta property=\"og:type\" content=\"article\" \/>\n<meta property=\"og:title\" content=\"Accompagnement ikigai - HopGrade Conseil\" \/>\n<meta property=\"og:description\" content=\"Accompagnement ikigai\" \/>\n<meta property=\"og:url\" content=\"https:\/\/hopgrade-conseil.fr\/index.php\/accompagnement-ikigai\/\" \/>\n<meta property=\"og:site_name\" content=\"HopGrade Conseil\" \/>\n<meta property=\"article:modified_time\" content=\"2026-02-17T09:17:09+00:00\" \/>\n<meta property=\"og:image\" content=\"https:\/\/hopgrade-conseil.fr\/wp-content\/uploads\/2025\/12\/Ikigai-Carnet-de-bord.be_1-scaled.png\" \/>\n\t<meta property=\"og:image:width\" content=\"1801\" \/>\n\t<meta property=\"og:image:height\" content=\"2560\" \/>\n\t<meta property=\"og:image:type\" content=\"image\/png\" \/>\n<meta name=\"twitter:card\" content=\"summary_large_image\" \/>\n<meta name=\"twitter:label1\" content=\"Dur\u00e9e de lecture estim\u00e9e\" \/>\n\t<meta name=\"twitter:data1\" content=\"2 minutes\" \/>\n<script type=\"application\/ld+json\" class=\"yoast-schema-graph\">{\"@context\":\"https:\/\/schema.org\",\"@graph\":[{\"@type\":\"WebPage\",\"@id\":\"https:\/\/hopgrade-conseil.fr\/index.php\/accompagnement-ikigai\/\",\"url\":\"https:\/\/hopgrade-conseil.fr\/index.php\/accompagnement-ikigai\/\",\"name\":\"Accompagnement ikigai - HopGrade Conseil\",\"isPartOf\":{\"@id\":\"https:\/\/hopgrade-conseil.fr\/#website\"},\"primaryImageOfPage\":{\"@id\":\"https:\/\/hopgrade-conseil.fr\/index.php\/accompagnement-ikigai\/#primaryimage\"},\"image\":{\"@id\":\"https:\/\/hopgrade-conseil.fr\/index.php\/accompagnement-ikigai\/#primaryimage\"},\"thumbnailUrl\":\"https:\/\/hopgrade-conseil.fr\/wp-content\/uploads\/2025\/12\/Ikigai-Carnet-de-bord.be_1-scaled.png\",\"datePublished\":\"2026-01-06T15:43:16+00:00\",\"dateModified\":\"2026-02-17T09:17:09+00:00\",\"description\":\"Accompagnement ikigai\",\"breadcrumb\":{\"@id\":\"https:\/\/hopgrade-conseil.fr\/index.php\/accompagnement-ikigai\/#breadcrumb\"},\"inLanguage\":\"fr-FR\",\"potentialAction\":[{\"@type\":\"ReadAction\",\"target\":[\"https:\/\/hopgrade-conseil.fr\/index.php\/accompagnement-ikigai\/\"]}]},{\"@type\":\"ImageObject\",\"inLanguage\":\"fr-FR\",\"@id\":\"https:\/\/hopgrade-conseil.fr\/index.php\/accompagnement-ikigai\/#primaryimage\",\"url\":\"https:\/\/hopgrade-conseil.fr\/wp-content\/uploads\/2025\/12\/Ikigai-Carnet-de-bord.be_1-scaled.png\",\"contentUrl\":\"https:\/\/hopgrade-conseil.fr\/wp-content\/uploads\/2025\/12\/Ikigai-Carnet-de-bord.be_1-scaled.png\",\"width\":1801,\"height\":2560},{\"@type\":\"BreadcrumbList\",\"@id\":\"https:\/\/hopgrade-conseil.fr\/index.php\/accompagnement-ikigai\/#breadcrumb\",\"itemListElement\":[{\"@type\":\"ListItem\",\"position\":1,\"name\":\"Accueil\",\"item\":\"https:\/\/hopgrade-conseil.fr\/\"},{\"@type\":\"ListItem\",\"position\":2,\"name\":\"Accompagnement ikigai\"}]},{\"@type\":\"WebSite\",\"@id\":\"https:\/\/hopgrade-conseil.fr\/#website\",\"url\":\"https:\/\/hopgrade-conseil.fr\/\",\"name\":\"HopGrade Conseil\",\"description\":\"Osez Briller !\",\"potentialAction\":[{\"@type\":\"SearchAction\",\"target\":{\"@type\":\"EntryPoint\",\"urlTemplate\":\"https:\/\/hopgrade-conseil.fr\/?s={search_term_string}\"},\"query-input\":{\"@type\":\"PropertyValueSpecification\",\"valueRequired\":true,\"valueName\":\"search_term_string\"}}],\"inLanguage\":\"fr-FR\"}]}<\/script>\n<!-- \/ Yoast SEO plugin. -->","yoast_head_json":{"title":"Accompagnement ikigai - HopGrade Conseil","description":"Accompagnement ikigai","robots":{"index":"index","follow":"follow","max-snippet":"max-snippet:-1","max-image-preview":"max-image-preview:large","max-video-preview":"max-video-preview:-1"},"canonical":"https:\/\/hopgrade-conseil.fr\/index.php\/accompagnement-ikigai\/","og_locale":"fr_FR","og_type":"article","og_title":"Accompagnement ikigai - HopGrade Conseil","og_description":"Accompagnement ikigai","og_url":"https:\/\/hopgrade-conseil.fr\/index.php\/accompagnement-ikigai\/","og_site_name":"HopGrade Conseil","article_modified_time":"2026-02-17T09:17:09+00:00","og_image":[{"width":1801,"height":2560,"url":"https:\/\/hopgrade-conseil.fr\/wp-content\/uploads\/2025\/12\/Ikigai-Carnet-de-bord.be_1-scaled.png","type":"image\/png"}],"twitter_card":"summary_large_image","twitter_misc":{"Dur\u00e9e de lecture estim\u00e9e":"2 minutes"},"schema":{"@context":"https:\/\/schema.org","@graph":[{"@type":"WebPage","@id":"https:\/\/hopgrade-conseil.fr\/index.php\/accompagnement-ikigai\/","url":"https:\/\/hopgrade-conseil.fr\/index.php\/accompagnement-ikigai\/","name":"Accompagnement ikigai - HopGrade Conseil","isPartOf":{"@id":"https:\/\/hopgrade-conseil.fr\/#website"},"primaryImageOfPage":{"@id":"https:\/\/hopgrade-conseil.fr\/index.php\/accompagnement-ikigai\/#primaryimage"},"image":{"@id":"https:\/\/hopgrade-conseil.fr\/index.php\/accompagnement-ikigai\/#primaryimage"},"thumbnailUrl":"https:\/\/hopgrade-conseil.fr\/wp-content\/uploads\/2025\/12\/Ikigai-Carnet-de-bord.be_1-scaled.png","datePublished":"2026-01-06T15:43:16+00:00","dateModified":"2026-02-17T09:17:09+00:00","description":"Accompagnement ikigai","breadcrumb":{"@id":"https:\/\/hopgrade-conseil.fr\/index.php\/accompagnement-ikigai\/#breadcrumb"},"inLanguage":"fr-FR","potentialAction":[{"@type":"ReadAction","target":["https:\/\/hopgrade-conseil.fr\/index.php\/accompagnement-ikigai\/"]}]},{"@type":"ImageObject","inLanguage":"fr-FR","@id":"https:\/\/hopgrade-conseil.fr\/index.php\/accompagnement-ikigai\/#primaryimage","url":"https:\/\/hopgrade-conseil.fr\/wp-content\/uploads\/2025\/12\/Ikigai-Carnet-de-bord.be_1-scaled.png","contentUrl":"https:\/\/hopgrade-conseil.fr\/wp-content\/uploads\/2025\/12\/Ikigai-Carnet-de-bord.be_1-scaled.png","width":1801,"height":2560},{"@type":"BreadcrumbList","@id":"https:\/\/hopgrade-conseil.fr\/index.php\/accompagnement-ikigai\/#breadcrumb","itemListElement":[{"@type":"ListItem","position":1,"name":"Accueil","item":"https:\/\/hopgrade-conseil.fr\/"},{"@type":"ListItem","position":2,"name":"Accompagnement ikigai"}]},{"@type":"WebSite","@id":"https:\/\/hopgrade-conseil.fr\/#website","url":"https:\/\/hopgrade-conseil.fr\/","name":"HopGrade Conseil","description":"Osez Briller !","potentialAction":[{"@type":"SearchAction","target":{"@type":"EntryPoint","urlTemplate":"https:\/\/hopgrade-conseil.fr\/?s={search_term_string}"},"query-input":{"@type":"PropertyValueSpecification","valueRequired":true,"valueName":"search_term_string"}}],"inLanguage":"fr-FR"}]}},"_links":{"self":[{"href":"https:\/\/hopgrade-conseil.fr\/index.php\/wp-json\/wp\/v2\/pages\/45","targetHints":{"allow":["GET"]}}],"collection":[{"href":"https:\/\/hopgrade-conseil.fr\/index.php\/wp-json\/wp\/v2\/pages"}],"about":[{"href":"https:\/\/hopgrade-conseil.fr\/index.php\/wp-json\/wp\/v2\/types\/page"}],"author":[{"embeddable":true,"href":"https:\/\/hopgrade-conseil.fr\/index.php\/wp-json\/wp\/v2\/users\/1"}],"replies":[{"embeddable":true,"href":"https:\/\/hopgrade-conseil.fr\/index.php\/wp-json\/wp\/v2\/comments?post=45"}],"version-history":[{"count":5,"href":"https:\/\/hopgrade-conseil.fr\/index.php\/wp-json\/wp\/v2\/pages\/45\/revisions"}],"predecessor-version":[{"id":144,"href":"https:\/\/hopgrade-conseil.fr\/index.php\/wp-json\/wp\/v2\/pages\/45\/revisions\/144"}],"wp:attachment":[{"href":"https:\/\/hopgrade-conseil.fr\/index.php\/wp-json\/wp\/v2\/media?parent=45"}],"curies":[{"name":"wp","href":"https:\/\/api.w.org\/{rel}","templated":true}]}}