{"id":46,"date":"2026-01-06T17:44:04","date_gmt":"2026-01-06T15:44:04","guid":{"rendered":"https:\/\/hopgrade-conseil.fr\/index.php\/epuisement-professionnel\/"},"modified":"2026-02-18T15:53:56","modified_gmt":"2026-02-18T13:53:56","slug":"epuisement-professionnel","status":"publish","type":"page","link":"https:\/\/hopgrade-conseil.fr\/index.php\/epuisement-professionnel\/","title":{"rendered":"Accompagnement \u00e9puisement professionnel"},"content":{"rendered":"\n<p>\u00ab\u00a0Ce que la chenille appelle la fin, le reste du monde l\u2019appelle un papillon.\u00a0\u00bb &#8211; Lao Tseu<\/p>\n\n\n\n<section class=\"wp-block-group alignfull is-style-default has-global-padding is-layout-constrained wp-block-group-is-layout-constrained\" style=\"margin-top:0;margin-bottom:0\">\n<div class=\"wp-block-group alignwide is-layout-flow wp-block-group-is-layout-flow\">\n<div class=\"wp-block-columns are-vertically-aligned-center is-layout-flex wp-container-core-columns-is-layout-28232c24 wp-block-columns-is-layout-flex\">\n<div class=\"wp-block-column is-vertically-aligned-center is-layout-flow wp-block-column-is-layout-flow\">\n<div class=\"wp-block-group is-layout-flow wp-block-group-is-layout-flow\">\n<figure class=\"wp-block-image size-full\"><img loading=\"lazy\" decoding=\"async\" width=\"1369\" height=\"893\" src=\"https:\/\/hopgrade-conseil.fr\/wp-content\/uploads\/2025\/12\/alumettes-4.jpg\" alt=\"\" class=\"wp-image-26\" style=\"aspect-ratio:3\/3.5;object-fit:cover\" srcset=\"https:\/\/hopgrade-conseil.fr\/wp-content\/uploads\/2025\/12\/alumettes-4.jpg 1369w, https:\/\/hopgrade-conseil.fr\/wp-content\/uploads\/2025\/12\/alumettes-4-300x196.jpg 300w, https:\/\/hopgrade-conseil.fr\/wp-content\/uploads\/2025\/12\/alumettes-4-1024x668.jpg 1024w, https:\/\/hopgrade-conseil.fr\/wp-content\/uploads\/2025\/12\/alumettes-4-768x501.jpg 768w\" sizes=\"auto, (max-width: 1369px) 100vw, 1369px\" \/><\/figure>\n<\/div>\n<\/div>\n\n\n\n<div class=\"wp-block-column is-vertically-aligned-center is-layout-flow wp-container-core-column-is-layout-f1b65ef7 wp-block-column-is-layout-flow\">\n<div class=\"wp-block-group is-layout-flow wp-block-group-is-layout-flow\" style=\"padding-top:var(--wp--preset--spacing--64);padding-right:var(--wp--preset--spacing--120);padding-bottom:var(--wp--preset--spacing--64);padding-left:var(--wp--preset--spacing--120)\">\n<div class=\"wp-block-group is-layout-flow wp-container-core-group-is-layout-26ef70db wp-block-group-is-layout-flow\">\n<h4 class=\"wp-block-heading is-style-text-note-3 is-style-text-note-3--1\" style=\"letter-spacing:2px;line-height:1;text-transform:uppercase\">en savoir (un peu) plus<\/h4>\n\n\n\n<h2 class=\"wp-block-heading is-style-text-lead is-style-text-lead--2\">Et si on appuyait sur PAUSE\u2026 pour mieux repartir ?<\/h2>\n<\/div>\n\n\n\n<div class=\"wp-block-group has-global-padding is-layout-constrained wp-block-group-is-layout-constrained\">\n<p class=\"is-style-text-aware-1 is-style-text-subtitle-2 has-secondary-800-color has-text-color has-link-color wp-elements-d6ca4d457f165e9d6448d6905ed2f5fe is-style-text-subtitle-2--3\">Le burn-out, c\u2019est comme un voyant rouge qui clignote sur votre tableau de bord \ud83d\udea8 : ignorer le signal, c\u2019est risquer la panne. Mais bonne nouvelle : ce n\u2019est pas une fatalit\u00e9. Ensemble, on va recharger les batteries, r\u00e9apprivoiser votre \u00e9nergie et retrouver un \u00e9quilibre qui vous ressemble.<\/p>\n\n\n\n<p class=\"is-style-text-aware-1 is-style-text-subtitle-2 has-secondary-800-color has-text-color has-link-color wp-elements-7347351dd43afd47aa08df5a5b8a41f6 is-style-text-subtitle-2--4\">Comment ? <br>\u2600\ufe0f En identifiant les sources de votre \u00e9puisement (sans culpabilit\u00e9, promis !) <br>\u2600\ufe0f En r\u00e9activant vos ressources int\u00e9rieures (oui, elles sont toujours l\u00e0, m\u00eame si vous ne les voyez plus) <br>\u2600\ufe0f En construisant un plan d\u2019action sur-mesure pour renouer avec le plaisir et le sens<\/p>\n\n\n\n<p class=\"is-style-text-aware-1 is-style-text-subtitle-2 has-secondary-800-color has-text-color has-link-color wp-elements-b36bbf3122c75b531f919d2d71566ccc is-style-text-subtitle-2--5\">Parce que votre bien-\u00eatre professionnel, c\u2019est comme un jardin : \u00e7a se cultive, et \u00e7a m\u00e9rite toute votre attention \ud83c\udf31.<\/p>\n<\/div>\n<\/div>\n<\/div>\n<\/div>\n<\/div>\n<\/section>\n","protected":false},"excerpt":{"rendered":"<p>\u00ab\u00a0Ce que la chenille appelle la fin, le reste du monde l\u2019appelle un papillon.\u00a0\u00bb &#8211; Lao Tseu en savoir (un peu) plus Et si on appuyait sur PAUSE\u2026 pour mieux repartir ? Le burn-out, c\u2019est comme un voyant rouge qui clignote sur votre tableau de bord \ud83d\udea8 : ignorer le signal, c\u2019est risquer la panne. [&hellip;]<\/p>\n","protected":false},"author":1,"featured_media":0,"parent":0,"menu_order":0,"comment_status":"closed","ping_status":"closed","template":"","meta":{"footnotes":""},"class_list":["post-46","page","type-page","status-publish","hentry"],"yoast_head":"<!-- This site is optimized with the Yoast SEO plugin v27.0 - https:\/\/yoast.com\/product\/yoast-seo-wordpress\/ -->\n<title>Accompagnement \u00e9puisement professionnel - HopGrade Conseil<\/title>\n<meta name=\"robots\" content=\"index, follow, max-snippet:-1, max-image-preview:large, max-video-preview:-1\" \/>\n<link rel=\"canonical\" href=\"https:\/\/hopgrade-conseil.fr\/index.php\/epuisement-professionnel\/\" \/>\n<meta property=\"og:locale\" content=\"fr_FR\" \/>\n<meta property=\"og:type\" content=\"article\" \/>\n<meta property=\"og:title\" content=\"Accompagnement \u00e9puisement professionnel - HopGrade Conseil\" \/>\n<meta property=\"og:description\" content=\"\u00ab\u00a0Ce que la chenille appelle la fin, le reste du monde l\u2019appelle un papillon.\u00a0\u00bb &#8211; Lao Tseu en savoir (un peu) plus Et si on appuyait sur PAUSE\u2026 pour mieux repartir ? Le burn-out, c\u2019est comme un voyant rouge qui clignote sur votre tableau de bord \ud83d\udea8 : ignorer le signal, c\u2019est risquer la panne. [&hellip;]\" \/>\n<meta property=\"og:url\" content=\"https:\/\/hopgrade-conseil.fr\/index.php\/epuisement-professionnel\/\" \/>\n<meta property=\"og:site_name\" content=\"HopGrade Conseil\" \/>\n<meta property=\"article:modified_time\" content=\"2026-02-18T13:53:56+00:00\" \/>\n<meta property=\"og:image\" content=\"https:\/\/hopgrade-conseil.fr\/wp-content\/uploads\/2025\/12\/alumettes-4.jpg\" \/>\n\t<meta property=\"og:image:width\" content=\"1369\" \/>\n\t<meta property=\"og:image:height\" content=\"893\" \/>\n\t<meta property=\"og:image:type\" content=\"image\/jpeg\" \/>\n<meta name=\"twitter:card\" content=\"summary_large_image\" \/>\n<meta name=\"twitter:label1\" content=\"Dur\u00e9e de lecture estim\u00e9e\" \/>\n\t<meta name=\"twitter:data1\" content=\"1 minute\" \/>\n<script type=\"application\/ld+json\" class=\"yoast-schema-graph\">{\"@context\":\"https:\/\/schema.org\",\"@graph\":[{\"@type\":\"WebPage\",\"@id\":\"https:\/\/hopgrade-conseil.fr\/index.php\/epuisement-professionnel\/\",\"url\":\"https:\/\/hopgrade-conseil.fr\/index.php\/epuisement-professionnel\/\",\"name\":\"Accompagnement \u00e9puisement professionnel - HopGrade Conseil\",\"isPartOf\":{\"@id\":\"https:\/\/hopgrade-conseil.fr\/#website\"},\"primaryImageOfPage\":{\"@id\":\"https:\/\/hopgrade-conseil.fr\/index.php\/epuisement-professionnel\/#primaryimage\"},\"image\":{\"@id\":\"https:\/\/hopgrade-conseil.fr\/index.php\/epuisement-professionnel\/#primaryimage\"},\"thumbnailUrl\":\"https:\/\/hopgrade-conseil.fr\/wp-content\/uploads\/2025\/12\/alumettes-4.jpg\",\"datePublished\":\"2026-01-06T15:44:04+00:00\",\"dateModified\":\"2026-02-18T13:53:56+00:00\",\"breadcrumb\":{\"@id\":\"https:\/\/hopgrade-conseil.fr\/index.php\/epuisement-professionnel\/#breadcrumb\"},\"inLanguage\":\"fr-FR\",\"potentialAction\":[{\"@type\":\"ReadAction\",\"target\":[\"https:\/\/hopgrade-conseil.fr\/index.php\/epuisement-professionnel\/\"]}]},{\"@type\":\"ImageObject\",\"inLanguage\":\"fr-FR\",\"@id\":\"https:\/\/hopgrade-conseil.fr\/index.php\/epuisement-professionnel\/#primaryimage\",\"url\":\"https:\/\/hopgrade-conseil.fr\/wp-content\/uploads\/2025\/12\/alumettes-4.jpg\",\"contentUrl\":\"https:\/\/hopgrade-conseil.fr\/wp-content\/uploads\/2025\/12\/alumettes-4.jpg\",\"width\":1369,\"height\":893},{\"@type\":\"BreadcrumbList\",\"@id\":\"https:\/\/hopgrade-conseil.fr\/index.php\/epuisement-professionnel\/#breadcrumb\",\"itemListElement\":[{\"@type\":\"ListItem\",\"position\":1,\"name\":\"Accueil\",\"item\":\"https:\/\/hopgrade-conseil.fr\/\"},{\"@type\":\"ListItem\",\"position\":2,\"name\":\"Accompagnement \u00e9puisement professionnel\"}]},{\"@type\":\"WebSite\",\"@id\":\"https:\/\/hopgrade-conseil.fr\/#website\",\"url\":\"https:\/\/hopgrade-conseil.fr\/\",\"name\":\"HopGrade Conseil\",\"description\":\"Osez Briller !\",\"potentialAction\":[{\"@type\":\"SearchAction\",\"target\":{\"@type\":\"EntryPoint\",\"urlTemplate\":\"https:\/\/hopgrade-conseil.fr\/?s={search_term_string}\"},\"query-input\":{\"@type\":\"PropertyValueSpecification\",\"valueRequired\":true,\"valueName\":\"search_term_string\"}}],\"inLanguage\":\"fr-FR\"}]}<\/script>\n<!-- \/ Yoast SEO plugin. -->","yoast_head_json":{"title":"Accompagnement \u00e9puisement professionnel - HopGrade Conseil","robots":{"index":"index","follow":"follow","max-snippet":"max-snippet:-1","max-image-preview":"max-image-preview:large","max-video-preview":"max-video-preview:-1"},"canonical":"https:\/\/hopgrade-conseil.fr\/index.php\/epuisement-professionnel\/","og_locale":"fr_FR","og_type":"article","og_title":"Accompagnement \u00e9puisement professionnel - HopGrade Conseil","og_description":"\u00ab\u00a0Ce que la chenille appelle la fin, le reste du monde l\u2019appelle un papillon.\u00a0\u00bb &#8211; Lao Tseu en savoir (un peu) plus Et si on appuyait sur PAUSE\u2026 pour mieux repartir ? Le burn-out, c\u2019est comme un voyant rouge qui clignote sur votre tableau de bord \ud83d\udea8 : ignorer le signal, c\u2019est risquer la panne. [&hellip;]","og_url":"https:\/\/hopgrade-conseil.fr\/index.php\/epuisement-professionnel\/","og_site_name":"HopGrade Conseil","article_modified_time":"2026-02-18T13:53:56+00:00","og_image":[{"width":1369,"height":893,"url":"https:\/\/hopgrade-conseil.fr\/wp-content\/uploads\/2025\/12\/alumettes-4.jpg","type":"image\/jpeg"}],"twitter_card":"summary_large_image","twitter_misc":{"Dur\u00e9e de lecture estim\u00e9e":"1 minute"},"schema":{"@context":"https:\/\/schema.org","@graph":[{"@type":"WebPage","@id":"https:\/\/hopgrade-conseil.fr\/index.php\/epuisement-professionnel\/","url":"https:\/\/hopgrade-conseil.fr\/index.php\/epuisement-professionnel\/","name":"Accompagnement \u00e9puisement professionnel - HopGrade Conseil","isPartOf":{"@id":"https:\/\/hopgrade-conseil.fr\/#website"},"primaryImageOfPage":{"@id":"https:\/\/hopgrade-conseil.fr\/index.php\/epuisement-professionnel\/#primaryimage"},"image":{"@id":"https:\/\/hopgrade-conseil.fr\/index.php\/epuisement-professionnel\/#primaryimage"},"thumbnailUrl":"https:\/\/hopgrade-conseil.fr\/wp-content\/uploads\/2025\/12\/alumettes-4.jpg","datePublished":"2026-01-06T15:44:04+00:00","dateModified":"2026-02-18T13:53:56+00:00","breadcrumb":{"@id":"https:\/\/hopgrade-conseil.fr\/index.php\/epuisement-professionnel\/#breadcrumb"},"inLanguage":"fr-FR","potentialAction":[{"@type":"ReadAction","target":["https:\/\/hopgrade-conseil.fr\/index.php\/epuisement-professionnel\/"]}]},{"@type":"ImageObject","inLanguage":"fr-FR","@id":"https:\/\/hopgrade-conseil.fr\/index.php\/epuisement-professionnel\/#primaryimage","url":"https:\/\/hopgrade-conseil.fr\/wp-content\/uploads\/2025\/12\/alumettes-4.jpg","contentUrl":"https:\/\/hopgrade-conseil.fr\/wp-content\/uploads\/2025\/12\/alumettes-4.jpg","width":1369,"height":893},{"@type":"BreadcrumbList","@id":"https:\/\/hopgrade-conseil.fr\/index.php\/epuisement-professionnel\/#breadcrumb","itemListElement":[{"@type":"ListItem","position":1,"name":"Accueil","item":"https:\/\/hopgrade-conseil.fr\/"},{"@type":"ListItem","position":2,"name":"Accompagnement \u00e9puisement professionnel"}]},{"@type":"WebSite","@id":"https:\/\/hopgrade-conseil.fr\/#website","url":"https:\/\/hopgrade-conseil.fr\/","name":"HopGrade Conseil","description":"Osez Briller !","potentialAction":[{"@type":"SearchAction","target":{"@type":"EntryPoint","urlTemplate":"https:\/\/hopgrade-conseil.fr\/?s={search_term_string}"},"query-input":{"@type":"PropertyValueSpecification","valueRequired":true,"valueName":"search_term_string"}}],"inLanguage":"fr-FR"}]}},"_links":{"self":[{"href":"https:\/\/hopgrade-conseil.fr\/index.php\/wp-json\/wp\/v2\/pages\/46","targetHints":{"allow":["GET"]}}],"collection":[{"href":"https:\/\/hopgrade-conseil.fr\/index.php\/wp-json\/wp\/v2\/pages"}],"about":[{"href":"https:\/\/hopgrade-conseil.fr\/index.php\/wp-json\/wp\/v2\/types\/page"}],"author":[{"embeddable":true,"href":"https:\/\/hopgrade-conseil.fr\/index.php\/wp-json\/wp\/v2\/users\/1"}],"replies":[{"embeddable":true,"href":"https:\/\/hopgrade-conseil.fr\/index.php\/wp-json\/wp\/v2\/comments?post=46"}],"version-history":[{"count":1,"href":"https:\/\/hopgrade-conseil.fr\/index.php\/wp-json\/wp\/v2\/pages\/46\/revisions"}],"predecessor-version":[{"id":146,"href":"https:\/\/hopgrade-conseil.fr\/index.php\/wp-json\/wp\/v2\/pages\/46\/revisions\/146"}],"wp:attachment":[{"href":"https:\/\/hopgrade-conseil.fr\/index.php\/wp-json\/wp\/v2\/media?parent=46"}],"curies":[{"name":"wp","href":"https:\/\/api.w.org\/{rel}","templated":true}]}}