{"id":50,"date":"2026-01-06T19:13:51","date_gmt":"2026-01-06T17:13:51","guid":{"rendered":"https:\/\/hopgrade-conseil.fr\/index.php\/journee-de-lorientation\/"},"modified":"2026-02-18T18:27:34","modified_gmt":"2026-02-18T16:27:34","slug":"journee-de-lorientation","status":"publish","type":"page","link":"https:\/\/hopgrade-conseil.fr\/index.php\/journee-de-lorientation\/","title":{"rendered":"Bilan d&rsquo;orientation en groupe"},"content":{"rendered":"\n<p><em>\u201cTrouver sa voie n\u2019est pas toujours commencer par savoir ce que l\u2019on veut faire, mais par savoir ce que l\u2019on veut vivre.\u201d<\/em>&nbsp;&#8211; Jacques Attali<\/p>\n\n\n\n<section class=\"wp-block-group alignfull is-style-default has-global-padding is-layout-constrained wp-block-group-is-layout-constrained\" style=\"margin-top:0;margin-bottom:0\">\n<div class=\"wp-block-group alignwide is-layout-flow wp-block-group-is-layout-flow\">\n<div class=\"wp-block-columns are-vertically-aligned-center is-layout-flex wp-container-core-columns-is-layout-28232c24 wp-block-columns-is-layout-flex\">\n<div class=\"wp-block-column is-vertically-aligned-center is-layout-flow wp-block-column-is-layout-flow\">\n<div class=\"wp-block-group is-layout-flow wp-block-group-is-layout-flow\">\n<figure class=\"wp-block-image size-full\"><img loading=\"lazy\" decoding=\"async\" width=\"1024\" height=\"576\" src=\"https:\/\/hopgrade-conseil.fr\/wp-content\/uploads\/2025\/12\/AdobeStock_610216880-scaled-e1707078473832-1024x576-1.webp\" alt=\"\" class=\"wp-image-31\" style=\"aspect-ratio:3\/3.5;object-fit:cover\" srcset=\"https:\/\/hopgrade-conseil.fr\/wp-content\/uploads\/2025\/12\/AdobeStock_610216880-scaled-e1707078473832-1024x576-1.webp 1024w, https:\/\/hopgrade-conseil.fr\/wp-content\/uploads\/2025\/12\/AdobeStock_610216880-scaled-e1707078473832-1024x576-1-300x169.webp 300w, https:\/\/hopgrade-conseil.fr\/wp-content\/uploads\/2025\/12\/AdobeStock_610216880-scaled-e1707078473832-1024x576-1-768x432.webp 768w\" sizes=\"auto, (max-width: 1024px) 100vw, 1024px\" \/><\/figure>\n<\/div>\n<\/div>\n\n\n\n<div class=\"wp-block-column is-vertically-aligned-center is-layout-flow wp-container-core-column-is-layout-f1b65ef7 wp-block-column-is-layout-flow\">\n<div class=\"wp-block-group is-layout-flow wp-block-group-is-layout-flow\" style=\"padding-top:var(--wp--preset--spacing--64);padding-right:var(--wp--preset--spacing--120);padding-bottom:var(--wp--preset--spacing--64);padding-left:var(--wp--preset--spacing--120)\">\n<div class=\"wp-block-group is-layout-flow wp-container-core-group-is-layout-26ef70db wp-block-group-is-layout-flow\">\n<h4 class=\"wp-block-heading is-style-text-note-3 is-style-text-note-3--1\" style=\"letter-spacing:2px;line-height:1;text-transform:uppercase\">en savoir (un peu) plus<\/h4>\n\n\n\n<h2 class=\"wp-block-heading is-style-text-lead is-style-text-lead--2\">Et si on transformait l&rsquo;orientation en une aventure collective ? \ud83d\ude80<\/h2>\n<\/div>\n\n\n\n<div class=\"wp-block-group has-global-padding is-layout-constrained wp-block-group-is-layout-constrained\">\n<p class=\"is-style-text-aware-1 is-style-text-subtitle-2 has-secondary-800-color has-text-color has-link-color wp-elements-31df62db134a2f0793845b7b8e9b81da is-style-text-subtitle-2--3\">Et si ton orientation devenait une qu\u00eate d&rsquo;une journ\u00e9e, avec un petit groupe de joyeux comp\u00e8res? <\/p>\n\n\n\n<p class=\"is-style-text-aware-1 is-style-text-subtitle-2 has-secondary-800-color has-text-color has-link-color wp-elements-1ac21d7e47dc7895abfb8df1c148351f is-style-text-subtitle-2--4\">J&rsquo;ai imagin\u00e9 un bilan d&rsquo;orientation en petit comit\u00e9, fun, bienveillante et&#8230; redoutablement efficace ! <br>Au programme : toujours des outils ludiques pour d\u00e9couvrir ce qui te motive <em>vraiment<\/em> (et pas juste ce qu\u2019on attend de toi), bas\u00e9s sur la psychologie positive, pour partir \u00e0 la d\u00e9couverte de toutes (si, si, j&rsquo;insiste) ces petites p\u00e9pites qui font de toi une personne unique \ud83d\udc8e.  En bonus, des \u00e9changes inspirants \ud83d\udca1 avec d\u2019autres jeunes en qu\u00eate de sens \u2013 parce qu\u2019\u00e0 plusieurs, on voit plus loin.<\/p>\n\n\n\n<p class=\"is-style-text-aware-1 is-style-text-subtitle-2 has-secondary-800-color has-text-color has-link-color wp-elements-eba7e5be5ee1b03a6725a3c7997c1da3 is-style-text-subtitle-2--5\">Bien s\u00fbr, nous programmons ensuite un RDV individuel pour finaliser <\/p>\n<\/div>\n<\/div>\n<\/div>\n<\/div>\n<\/div>\n<\/section>\n\n\n\n<section class=\"wp-block-group alignfull is-style-section-2 has-global-padding is-layout-constrained wp-block-group-is-layout-constrained is-style-section-2--6\" style=\"margin-top:30;margin-bottom:0;padding-top:var(--wp--preset--spacing--80);padding-bottom:var(--wp--preset--spacing--80)\">\n<div class=\"wp-block-group alignwide is-layout-flow wp-block-group-is-layout-flow\">\n<h2 class=\"wp-block-heading has-text-align-center\" id=\"schedule-a-visit\" style=\"font-size:clamp(28.366px, 1.773rem + ((1vw - 3.2px) * 2.023), 49px);px;line-height:1.15\">Votre 1er RDV gratuit<br>et sans engagement<\/h2>\n\n\n\n<div class=\"wp-block-buttons is-horizontal is-content-justification-center is-layout-flex wp-container-core-buttons-is-layout-03627597 wp-block-buttons-is-layout-flex\">\n<div class=\"wp-block-button has-custom-width wp-block-button__width-50\"><a class=\"wp-block-button__link has-text-color has-background wp-element-button\" href=\"#contact\" style=\"border-radius:50px;color:#ffffff;background-color:#000000\">Je prends un temps d\u2019\u00e9change<\/a><\/div>\n<\/div>\n<\/div>\n<\/section>\n","protected":false},"excerpt":{"rendered":"<p>\u201cTrouver sa voie n\u2019est pas toujours commencer par savoir ce que l\u2019on veut faire, mais par savoir ce que l\u2019on veut vivre.\u201d&nbsp;&#8211; Jacques Attali en savoir (un peu) plus Et si on transformait l&rsquo;orientation en une aventure collective ? \ud83d\ude80 Et si ton orientation devenait une qu\u00eate d&rsquo;une journ\u00e9e, avec un petit groupe de joyeux [&hellip;]<\/p>\n","protected":false},"author":1,"featured_media":0,"parent":0,"menu_order":0,"comment_status":"closed","ping_status":"closed","template":"","meta":{"footnotes":""},"class_list":["post-50","page","type-page","status-publish","hentry"],"yoast_head":"<!-- This site is optimized with the Yoast SEO plugin v27.0 - https:\/\/yoast.com\/product\/yoast-seo-wordpress\/ -->\n<title>Bilan d&#039;orientation en groupe - HopGrade Conseil<\/title>\n<meta name=\"description\" content=\"Bilan d&#039;orientation en groupe\" \/>\n<meta name=\"robots\" content=\"index, follow, max-snippet:-1, max-image-preview:large, max-video-preview:-1\" \/>\n<link rel=\"canonical\" href=\"https:\/\/hopgrade-conseil.fr\/index.php\/journee-de-lorientation\/\" \/>\n<meta property=\"og:locale\" content=\"fr_FR\" \/>\n<meta property=\"og:type\" content=\"article\" \/>\n<meta property=\"og:title\" content=\"Bilan d&#039;orientation en groupe - HopGrade Conseil\" \/>\n<meta property=\"og:description\" content=\"Bilan d&#039;orientation en groupe\" \/>\n<meta property=\"og:url\" content=\"https:\/\/hopgrade-conseil.fr\/index.php\/journee-de-lorientation\/\" \/>\n<meta property=\"og:site_name\" content=\"HopGrade Conseil\" \/>\n<meta property=\"article:modified_time\" content=\"2026-02-18T16:27:34+00:00\" \/>\n<meta property=\"og:image\" content=\"https:\/\/hopgrade-conseil.fr\/wp-content\/uploads\/2025\/12\/AdobeStock_610216880-scaled-e1707078473832-1024x576-1.webp\" \/>\n\t<meta property=\"og:image:width\" content=\"1024\" \/>\n\t<meta property=\"og:image:height\" content=\"576\" \/>\n\t<meta property=\"og:image:type\" content=\"image\/webp\" \/>\n<meta name=\"twitter:card\" content=\"summary_large_image\" \/>\n<meta name=\"twitter:label1\" content=\"Dur\u00e9e de lecture estim\u00e9e\" \/>\n\t<meta name=\"twitter:data1\" content=\"1 minute\" \/>\n<script type=\"application\/ld+json\" class=\"yoast-schema-graph\">{\"@context\":\"https:\/\/schema.org\",\"@graph\":[{\"@type\":\"WebPage\",\"@id\":\"https:\/\/hopgrade-conseil.fr\/index.php\/journee-de-lorientation\/\",\"url\":\"https:\/\/hopgrade-conseil.fr\/index.php\/journee-de-lorientation\/\",\"name\":\"Bilan d'orientation en groupe - HopGrade Conseil\",\"isPartOf\":{\"@id\":\"https:\/\/hopgrade-conseil.fr\/#website\"},\"primaryImageOfPage\":{\"@id\":\"https:\/\/hopgrade-conseil.fr\/index.php\/journee-de-lorientation\/#primaryimage\"},\"image\":{\"@id\":\"https:\/\/hopgrade-conseil.fr\/index.php\/journee-de-lorientation\/#primaryimage\"},\"thumbnailUrl\":\"https:\/\/hopgrade-conseil.fr\/wp-content\/uploads\/2025\/12\/AdobeStock_610216880-scaled-e1707078473832-1024x576-1.webp\",\"datePublished\":\"2026-01-06T17:13:51+00:00\",\"dateModified\":\"2026-02-18T16:27:34+00:00\",\"description\":\"Bilan d'orientation en groupe\",\"breadcrumb\":{\"@id\":\"https:\/\/hopgrade-conseil.fr\/index.php\/journee-de-lorientation\/#breadcrumb\"},\"inLanguage\":\"fr-FR\",\"potentialAction\":[{\"@type\":\"ReadAction\",\"target\":[\"https:\/\/hopgrade-conseil.fr\/index.php\/journee-de-lorientation\/\"]}]},{\"@type\":\"ImageObject\",\"inLanguage\":\"fr-FR\",\"@id\":\"https:\/\/hopgrade-conseil.fr\/index.php\/journee-de-lorientation\/#primaryimage\",\"url\":\"https:\/\/hopgrade-conseil.fr\/wp-content\/uploads\/2025\/12\/AdobeStock_610216880-scaled-e1707078473832-1024x576-1.webp\",\"contentUrl\":\"https:\/\/hopgrade-conseil.fr\/wp-content\/uploads\/2025\/12\/AdobeStock_610216880-scaled-e1707078473832-1024x576-1.webp\",\"width\":1024,\"height\":576},{\"@type\":\"BreadcrumbList\",\"@id\":\"https:\/\/hopgrade-conseil.fr\/index.php\/journee-de-lorientation\/#breadcrumb\",\"itemListElement\":[{\"@type\":\"ListItem\",\"position\":1,\"name\":\"Accueil\",\"item\":\"https:\/\/hopgrade-conseil.fr\/\"},{\"@type\":\"ListItem\",\"position\":2,\"name\":\"Bilan d&rsquo;orientation en groupe\"}]},{\"@type\":\"WebSite\",\"@id\":\"https:\/\/hopgrade-conseil.fr\/#website\",\"url\":\"https:\/\/hopgrade-conseil.fr\/\",\"name\":\"HopGrade Conseil\",\"description\":\"Osez Briller !\",\"potentialAction\":[{\"@type\":\"SearchAction\",\"target\":{\"@type\":\"EntryPoint\",\"urlTemplate\":\"https:\/\/hopgrade-conseil.fr\/?s={search_term_string}\"},\"query-input\":{\"@type\":\"PropertyValueSpecification\",\"valueRequired\":true,\"valueName\":\"search_term_string\"}}],\"inLanguage\":\"fr-FR\"}]}<\/script>\n<!-- \/ Yoast SEO plugin. -->","yoast_head_json":{"title":"Bilan d'orientation en groupe - HopGrade Conseil","description":"Bilan d'orientation en groupe","robots":{"index":"index","follow":"follow","max-snippet":"max-snippet:-1","max-image-preview":"max-image-preview:large","max-video-preview":"max-video-preview:-1"},"canonical":"https:\/\/hopgrade-conseil.fr\/index.php\/journee-de-lorientation\/","og_locale":"fr_FR","og_type":"article","og_title":"Bilan d'orientation en groupe - HopGrade Conseil","og_description":"Bilan d'orientation en groupe","og_url":"https:\/\/hopgrade-conseil.fr\/index.php\/journee-de-lorientation\/","og_site_name":"HopGrade Conseil","article_modified_time":"2026-02-18T16:27:34+00:00","og_image":[{"width":1024,"height":576,"url":"https:\/\/hopgrade-conseil.fr\/wp-content\/uploads\/2025\/12\/AdobeStock_610216880-scaled-e1707078473832-1024x576-1.webp","type":"image\/webp"}],"twitter_card":"summary_large_image","twitter_misc":{"Dur\u00e9e de lecture estim\u00e9e":"1 minute"},"schema":{"@context":"https:\/\/schema.org","@graph":[{"@type":"WebPage","@id":"https:\/\/hopgrade-conseil.fr\/index.php\/journee-de-lorientation\/","url":"https:\/\/hopgrade-conseil.fr\/index.php\/journee-de-lorientation\/","name":"Bilan d'orientation en groupe - HopGrade Conseil","isPartOf":{"@id":"https:\/\/hopgrade-conseil.fr\/#website"},"primaryImageOfPage":{"@id":"https:\/\/hopgrade-conseil.fr\/index.php\/journee-de-lorientation\/#primaryimage"},"image":{"@id":"https:\/\/hopgrade-conseil.fr\/index.php\/journee-de-lorientation\/#primaryimage"},"thumbnailUrl":"https:\/\/hopgrade-conseil.fr\/wp-content\/uploads\/2025\/12\/AdobeStock_610216880-scaled-e1707078473832-1024x576-1.webp","datePublished":"2026-01-06T17:13:51+00:00","dateModified":"2026-02-18T16:27:34+00:00","description":"Bilan d'orientation en groupe","breadcrumb":{"@id":"https:\/\/hopgrade-conseil.fr\/index.php\/journee-de-lorientation\/#breadcrumb"},"inLanguage":"fr-FR","potentialAction":[{"@type":"ReadAction","target":["https:\/\/hopgrade-conseil.fr\/index.php\/journee-de-lorientation\/"]}]},{"@type":"ImageObject","inLanguage":"fr-FR","@id":"https:\/\/hopgrade-conseil.fr\/index.php\/journee-de-lorientation\/#primaryimage","url":"https:\/\/hopgrade-conseil.fr\/wp-content\/uploads\/2025\/12\/AdobeStock_610216880-scaled-e1707078473832-1024x576-1.webp","contentUrl":"https:\/\/hopgrade-conseil.fr\/wp-content\/uploads\/2025\/12\/AdobeStock_610216880-scaled-e1707078473832-1024x576-1.webp","width":1024,"height":576},{"@type":"BreadcrumbList","@id":"https:\/\/hopgrade-conseil.fr\/index.php\/journee-de-lorientation\/#breadcrumb","itemListElement":[{"@type":"ListItem","position":1,"name":"Accueil","item":"https:\/\/hopgrade-conseil.fr\/"},{"@type":"ListItem","position":2,"name":"Bilan d&rsquo;orientation en groupe"}]},{"@type":"WebSite","@id":"https:\/\/hopgrade-conseil.fr\/#website","url":"https:\/\/hopgrade-conseil.fr\/","name":"HopGrade Conseil","description":"Osez Briller !","potentialAction":[{"@type":"SearchAction","target":{"@type":"EntryPoint","urlTemplate":"https:\/\/hopgrade-conseil.fr\/?s={search_term_string}"},"query-input":{"@type":"PropertyValueSpecification","valueRequired":true,"valueName":"search_term_string"}}],"inLanguage":"fr-FR"}]}},"_links":{"self":[{"href":"https:\/\/hopgrade-conseil.fr\/index.php\/wp-json\/wp\/v2\/pages\/50","targetHints":{"allow":["GET"]}}],"collection":[{"href":"https:\/\/hopgrade-conseil.fr\/index.php\/wp-json\/wp\/v2\/pages"}],"about":[{"href":"https:\/\/hopgrade-conseil.fr\/index.php\/wp-json\/wp\/v2\/types\/page"}],"author":[{"embeddable":true,"href":"https:\/\/hopgrade-conseil.fr\/index.php\/wp-json\/wp\/v2\/users\/1"}],"replies":[{"embeddable":true,"href":"https:\/\/hopgrade-conseil.fr\/index.php\/wp-json\/wp\/v2\/comments?post=50"}],"version-history":[{"count":15,"href":"https:\/\/hopgrade-conseil.fr\/index.php\/wp-json\/wp\/v2\/pages\/50\/revisions"}],"predecessor-version":[{"id":169,"href":"https:\/\/hopgrade-conseil.fr\/index.php\/wp-json\/wp\/v2\/pages\/50\/revisions\/169"}],"wp:attachment":[{"href":"https:\/\/hopgrade-conseil.fr\/index.php\/wp-json\/wp\/v2\/media?parent=50"}],"curies":[{"name":"wp","href":"https:\/\/api.w.org\/{rel}","templated":true}]}}