{"id":51,"date":"2026-01-06T19:14:21","date_gmt":"2026-01-06T17:14:21","guid":{"rendered":"https:\/\/hopgrade-conseil.fr\/index.php\/bilan-dorientation-individuel\/"},"modified":"2026-02-18T18:28:41","modified_gmt":"2026-02-18T16:28:41","slug":"bilan-dorientation-individuel","status":"publish","type":"page","link":"https:\/\/hopgrade-conseil.fr\/index.php\/bilan-dorientation-individuel\/","title":{"rendered":"Bilan d&rsquo;Orientation individuel"},"content":{"rendered":"\n<p><em>\u00ab&nbsp;Imagine que tu oses et que tout se passe bien.&nbsp;\u00bb &#8211; Inconnu.<\/em><\/p>\n\n\n\n<section class=\"wp-block-group alignfull is-style-default has-global-padding is-layout-constrained wp-block-group-is-layout-constrained\" style=\"margin-top:0;margin-bottom:0\">\n<div class=\"wp-block-group alignwide is-layout-flow wp-block-group-is-layout-flow\">\n<div class=\"wp-block-columns are-vertically-aligned-center is-layout-flex wp-container-core-columns-is-layout-28232c24 wp-block-columns-is-layout-flex\">\n<div class=\"wp-block-column is-vertically-aligned-center is-layout-flow wp-block-column-is-layout-flow\">\n<div class=\"wp-block-group is-layout-flow wp-block-group-is-layout-flow\">\n<figure class=\"wp-block-image size-full\"><img loading=\"lazy\" decoding=\"async\" width=\"1920\" height=\"2400\" src=\"https:\/\/hopgrade-conseil.fr\/wp-content\/uploads\/2025\/12\/heidi-fin-fr0FRbTxGoQ-unsplash.jpg\" alt=\"\" class=\"wp-image-19\" style=\"aspect-ratio:3\/3.5;object-fit:cover\" srcset=\"https:\/\/hopgrade-conseil.fr\/wp-content\/uploads\/2025\/12\/heidi-fin-fr0FRbTxGoQ-unsplash.jpg 1920w, https:\/\/hopgrade-conseil.fr\/wp-content\/uploads\/2025\/12\/heidi-fin-fr0FRbTxGoQ-unsplash-240x300.jpg 240w, https:\/\/hopgrade-conseil.fr\/wp-content\/uploads\/2025\/12\/heidi-fin-fr0FRbTxGoQ-unsplash-819x1024.jpg 819w, https:\/\/hopgrade-conseil.fr\/wp-content\/uploads\/2025\/12\/heidi-fin-fr0FRbTxGoQ-unsplash-768x960.jpg 768w, https:\/\/hopgrade-conseil.fr\/wp-content\/uploads\/2025\/12\/heidi-fin-fr0FRbTxGoQ-unsplash-1229x1536.jpg 1229w, https:\/\/hopgrade-conseil.fr\/wp-content\/uploads\/2025\/12\/heidi-fin-fr0FRbTxGoQ-unsplash-1638x2048.jpg 1638w\" sizes=\"auto, (max-width: 1920px) 100vw, 1920px\" \/><\/figure>\n<\/div>\n<\/div>\n\n\n\n<div class=\"wp-block-column is-vertically-aligned-center is-layout-flow wp-container-core-column-is-layout-f1b65ef7 wp-block-column-is-layout-flow\">\n<div class=\"wp-block-group is-layout-flow wp-block-group-is-layout-flow\" style=\"padding-top:var(--wp--preset--spacing--64);padding-right:var(--wp--preset--spacing--120);padding-bottom:var(--wp--preset--spacing--64);padding-left:var(--wp--preset--spacing--120)\">\n<div class=\"wp-block-group is-layout-flow wp-container-core-group-is-layout-26ef70db wp-block-group-is-layout-flow\">\n<h4 class=\"wp-block-heading is-style-text-note-3 is-style-text-note-3--1\" style=\"letter-spacing:2px;line-height:1;text-transform:uppercase\">en savoir (un peu) plus<\/h4>\n\n\n\n<h2 class=\"wp-block-heading is-style-text-lead is-style-text-lead--2\">Savoir o\u00f9 aller c&rsquo;est bien; comprendre pourquoi, c&rsquo;est encore mieux !<\/h2>\n<\/div>\n\n\n\n<div class=\"wp-block-group has-global-padding is-layout-constrained wp-block-group-is-layout-constrained\">\n<p class=\"is-style-text-aware-1 is-style-text-subtitle-2 has-secondary-800-color has-text-color has-link-color wp-elements-6ea1a5ef7f2563394aab421f019fb8f8 is-style-text-subtitle-2--3\">Ici, pas de questions pi\u00e8ges, ni de chrono stressant\u2026 Juste un accompagnement sur-mesure pour t\u2019aider \u00e0 briller, \u00e0 ta fa\u00e7on !<\/p>\n\n\n\n<p class=\"is-style-text-aware-1 is-style-text-subtitle-2 has-secondary-800-color has-text-color has-link-color wp-elements-f6d6098eb42833b50b71863d33dc16d6 is-style-text-subtitle-2--4\">Le Bilan que je te propose, c\u2019est un peu comme une chasse au tr\u00e9sor : on part \u00e0 la d\u00e9couverte <br>de tes talents, de tes envies, et de toutes (si, si) ces petites p\u00e9pites qui font de toi une personne unique \ud83d\udc8e. Avec des outils ludiques, une pointe d\u2019humour et une bonne dose de bienveillance, on explore ensemble tes forces, tes valeurs et tes aspirations \u00e0 travers 3 p\u00f4les (Forces, Sens, Joie) bas\u00e9s sur la psychologie positive. <br>Et toujours dans la confidentialit\u00e9, \u00ab\u00a0for sure\u00a0\u00bb.<br>L\u2019objectif ? Trouver la voie qui te ressemble, celle qui va te donner envie de sauter du lit le matin (ou au moins de ne pas (trop) tra\u00eener sous la couette \ud83d\ude09).<\/p>\n<\/div>\n<\/div>\n<\/div>\n<\/div>\n<\/div>\n<\/section>\n\n\n\n<section class=\"wp-block-group alignfull is-style-section-2 has-global-padding is-layout-constrained wp-block-group-is-layout-constrained is-style-section-2--5\" style=\"margin-top:30;margin-bottom:0;padding-top:var(--wp--preset--spacing--80);padding-bottom:var(--wp--preset--spacing--80)\">\n<div class=\"wp-block-group alignwide is-layout-flow wp-block-group-is-layout-flow\">\n<h2 class=\"wp-block-heading has-text-align-center\" id=\"schedule-a-visit\" style=\"font-size:clamp(28.366px, 1.773rem + ((1vw - 3.2px) * 2.023), 49px);px;line-height:1.15\">Votre 1er RDV gratuit<br>et sans engagement<\/h2>\n\n\n\n<div class=\"wp-block-buttons is-horizontal is-content-justification-center is-layout-flex wp-container-core-buttons-is-layout-03627597 wp-block-buttons-is-layout-flex\">\n<div class=\"wp-block-button has-custom-width wp-block-button__width-50\"><a class=\"wp-block-button__link has-text-color has-background wp-element-button\" href=\"#contact\" style=\"border-radius:50px;color:#ffffff;background-color:#000000\">Je prends un temps d\u2019\u00e9change<\/a><\/div>\n<\/div>\n<\/div>\n<\/section>\n","protected":false},"excerpt":{"rendered":"<p>\u00ab&nbsp;Imagine que tu oses et que tout se passe bien.&nbsp;\u00bb &#8211; Inconnu. en savoir (un peu) plus Savoir o\u00f9 aller c&rsquo;est bien; comprendre pourquoi, c&rsquo;est encore mieux ! Ici, pas de questions pi\u00e8ges, ni de chrono stressant\u2026 Juste un accompagnement sur-mesure pour t\u2019aider \u00e0 briller, \u00e0 ta fa\u00e7on ! Le Bilan que je te propose, [&hellip;]<\/p>\n","protected":false},"author":1,"featured_media":0,"parent":0,"menu_order":0,"comment_status":"closed","ping_status":"closed","template":"","meta":{"footnotes":""},"class_list":["post-51","page","type-page","status-publish","hentry"],"yoast_head":"<!-- This site is optimized with the Yoast SEO plugin v27.0 - https:\/\/yoast.com\/product\/yoast-seo-wordpress\/ -->\n<title>Bilan d&#039;Orientation individuel - HopGrade Conseil<\/title>\n<meta name=\"description\" content=\"bilan d&#039;orientation individuel\" \/>\n<meta name=\"robots\" content=\"index, follow, max-snippet:-1, max-image-preview:large, max-video-preview:-1\" \/>\n<link rel=\"canonical\" href=\"https:\/\/hopgrade-conseil.fr\/index.php\/bilan-dorientation-individuel\/\" \/>\n<meta property=\"og:locale\" content=\"fr_FR\" \/>\n<meta property=\"og:type\" content=\"article\" \/>\n<meta property=\"og:title\" content=\"Bilan d&#039;Orientation individuel - HopGrade Conseil\" \/>\n<meta property=\"og:description\" content=\"bilan d&#039;orientation individuel\" \/>\n<meta property=\"og:url\" content=\"https:\/\/hopgrade-conseil.fr\/index.php\/bilan-dorientation-individuel\/\" \/>\n<meta property=\"og:site_name\" content=\"HopGrade Conseil\" \/>\n<meta property=\"article:modified_time\" content=\"2026-02-18T16:28:41+00:00\" \/>\n<meta property=\"og:image\" content=\"https:\/\/hopgrade-conseil.fr\/wp-content\/uploads\/2025\/12\/heidi-fin-fr0FRbTxGoQ-unsplash.jpg\" \/>\n\t<meta property=\"og:image:width\" content=\"1920\" \/>\n\t<meta property=\"og:image:height\" content=\"2400\" \/>\n\t<meta property=\"og:image:type\" content=\"image\/jpeg\" \/>\n<meta name=\"twitter:card\" content=\"summary_large_image\" \/>\n<meta name=\"twitter:label1\" content=\"Dur\u00e9e de lecture estim\u00e9e\" \/>\n\t<meta name=\"twitter:data1\" content=\"1 minute\" \/>\n<script type=\"application\/ld+json\" class=\"yoast-schema-graph\">{\"@context\":\"https:\/\/schema.org\",\"@graph\":[{\"@type\":\"WebPage\",\"@id\":\"https:\/\/hopgrade-conseil.fr\/index.php\/bilan-dorientation-individuel\/\",\"url\":\"https:\/\/hopgrade-conseil.fr\/index.php\/bilan-dorientation-individuel\/\",\"name\":\"Bilan d'Orientation individuel - HopGrade Conseil\",\"isPartOf\":{\"@id\":\"https:\/\/hopgrade-conseil.fr\/#website\"},\"primaryImageOfPage\":{\"@id\":\"https:\/\/hopgrade-conseil.fr\/index.php\/bilan-dorientation-individuel\/#primaryimage\"},\"image\":{\"@id\":\"https:\/\/hopgrade-conseil.fr\/index.php\/bilan-dorientation-individuel\/#primaryimage\"},\"thumbnailUrl\":\"https:\/\/hopgrade-conseil.fr\/wp-content\/uploads\/2025\/12\/heidi-fin-fr0FRbTxGoQ-unsplash.jpg\",\"datePublished\":\"2026-01-06T17:14:21+00:00\",\"dateModified\":\"2026-02-18T16:28:41+00:00\",\"description\":\"bilan d'orientation individuel\",\"breadcrumb\":{\"@id\":\"https:\/\/hopgrade-conseil.fr\/index.php\/bilan-dorientation-individuel\/#breadcrumb\"},\"inLanguage\":\"fr-FR\",\"potentialAction\":[{\"@type\":\"ReadAction\",\"target\":[\"https:\/\/hopgrade-conseil.fr\/index.php\/bilan-dorientation-individuel\/\"]}]},{\"@type\":\"ImageObject\",\"inLanguage\":\"fr-FR\",\"@id\":\"https:\/\/hopgrade-conseil.fr\/index.php\/bilan-dorientation-individuel\/#primaryimage\",\"url\":\"https:\/\/hopgrade-conseil.fr\/wp-content\/uploads\/2025\/12\/heidi-fin-fr0FRbTxGoQ-unsplash.jpg\",\"contentUrl\":\"https:\/\/hopgrade-conseil.fr\/wp-content\/uploads\/2025\/12\/heidi-fin-fr0FRbTxGoQ-unsplash.jpg\",\"width\":1920,\"height\":2400},{\"@type\":\"BreadcrumbList\",\"@id\":\"https:\/\/hopgrade-conseil.fr\/index.php\/bilan-dorientation-individuel\/#breadcrumb\",\"itemListElement\":[{\"@type\":\"ListItem\",\"position\":1,\"name\":\"Accueil\",\"item\":\"https:\/\/hopgrade-conseil.fr\/\"},{\"@type\":\"ListItem\",\"position\":2,\"name\":\"Bilan d&rsquo;Orientation individuel\"}]},{\"@type\":\"WebSite\",\"@id\":\"https:\/\/hopgrade-conseil.fr\/#website\",\"url\":\"https:\/\/hopgrade-conseil.fr\/\",\"name\":\"HopGrade Conseil\",\"description\":\"Osez Briller !\",\"potentialAction\":[{\"@type\":\"SearchAction\",\"target\":{\"@type\":\"EntryPoint\",\"urlTemplate\":\"https:\/\/hopgrade-conseil.fr\/?s={search_term_string}\"},\"query-input\":{\"@type\":\"PropertyValueSpecification\",\"valueRequired\":true,\"valueName\":\"search_term_string\"}}],\"inLanguage\":\"fr-FR\"}]}<\/script>\n<!-- \/ Yoast SEO plugin. -->","yoast_head_json":{"title":"Bilan d'Orientation individuel - HopGrade Conseil","description":"bilan d'orientation individuel","robots":{"index":"index","follow":"follow","max-snippet":"max-snippet:-1","max-image-preview":"max-image-preview:large","max-video-preview":"max-video-preview:-1"},"canonical":"https:\/\/hopgrade-conseil.fr\/index.php\/bilan-dorientation-individuel\/","og_locale":"fr_FR","og_type":"article","og_title":"Bilan d'Orientation individuel - HopGrade Conseil","og_description":"bilan d'orientation individuel","og_url":"https:\/\/hopgrade-conseil.fr\/index.php\/bilan-dorientation-individuel\/","og_site_name":"HopGrade Conseil","article_modified_time":"2026-02-18T16:28:41+00:00","og_image":[{"width":1920,"height":2400,"url":"https:\/\/hopgrade-conseil.fr\/wp-content\/uploads\/2025\/12\/heidi-fin-fr0FRbTxGoQ-unsplash.jpg","type":"image\/jpeg"}],"twitter_card":"summary_large_image","twitter_misc":{"Dur\u00e9e de lecture estim\u00e9e":"1 minute"},"schema":{"@context":"https:\/\/schema.org","@graph":[{"@type":"WebPage","@id":"https:\/\/hopgrade-conseil.fr\/index.php\/bilan-dorientation-individuel\/","url":"https:\/\/hopgrade-conseil.fr\/index.php\/bilan-dorientation-individuel\/","name":"Bilan d'Orientation individuel - HopGrade Conseil","isPartOf":{"@id":"https:\/\/hopgrade-conseil.fr\/#website"},"primaryImageOfPage":{"@id":"https:\/\/hopgrade-conseil.fr\/index.php\/bilan-dorientation-individuel\/#primaryimage"},"image":{"@id":"https:\/\/hopgrade-conseil.fr\/index.php\/bilan-dorientation-individuel\/#primaryimage"},"thumbnailUrl":"https:\/\/hopgrade-conseil.fr\/wp-content\/uploads\/2025\/12\/heidi-fin-fr0FRbTxGoQ-unsplash.jpg","datePublished":"2026-01-06T17:14:21+00:00","dateModified":"2026-02-18T16:28:41+00:00","description":"bilan d'orientation individuel","breadcrumb":{"@id":"https:\/\/hopgrade-conseil.fr\/index.php\/bilan-dorientation-individuel\/#breadcrumb"},"inLanguage":"fr-FR","potentialAction":[{"@type":"ReadAction","target":["https:\/\/hopgrade-conseil.fr\/index.php\/bilan-dorientation-individuel\/"]}]},{"@type":"ImageObject","inLanguage":"fr-FR","@id":"https:\/\/hopgrade-conseil.fr\/index.php\/bilan-dorientation-individuel\/#primaryimage","url":"https:\/\/hopgrade-conseil.fr\/wp-content\/uploads\/2025\/12\/heidi-fin-fr0FRbTxGoQ-unsplash.jpg","contentUrl":"https:\/\/hopgrade-conseil.fr\/wp-content\/uploads\/2025\/12\/heidi-fin-fr0FRbTxGoQ-unsplash.jpg","width":1920,"height":2400},{"@type":"BreadcrumbList","@id":"https:\/\/hopgrade-conseil.fr\/index.php\/bilan-dorientation-individuel\/#breadcrumb","itemListElement":[{"@type":"ListItem","position":1,"name":"Accueil","item":"https:\/\/hopgrade-conseil.fr\/"},{"@type":"ListItem","position":2,"name":"Bilan d&rsquo;Orientation individuel"}]},{"@type":"WebSite","@id":"https:\/\/hopgrade-conseil.fr\/#website","url":"https:\/\/hopgrade-conseil.fr\/","name":"HopGrade Conseil","description":"Osez Briller !","potentialAction":[{"@type":"SearchAction","target":{"@type":"EntryPoint","urlTemplate":"https:\/\/hopgrade-conseil.fr\/?s={search_term_string}"},"query-input":{"@type":"PropertyValueSpecification","valueRequired":true,"valueName":"search_term_string"}}],"inLanguage":"fr-FR"}]}},"_links":{"self":[{"href":"https:\/\/hopgrade-conseil.fr\/index.php\/wp-json\/wp\/v2\/pages\/51","targetHints":{"allow":["GET"]}}],"collection":[{"href":"https:\/\/hopgrade-conseil.fr\/index.php\/wp-json\/wp\/v2\/pages"}],"about":[{"href":"https:\/\/hopgrade-conseil.fr\/index.php\/wp-json\/wp\/v2\/types\/page"}],"author":[{"embeddable":true,"href":"https:\/\/hopgrade-conseil.fr\/index.php\/wp-json\/wp\/v2\/users\/1"}],"replies":[{"embeddable":true,"href":"https:\/\/hopgrade-conseil.fr\/index.php\/wp-json\/wp\/v2\/comments?post=51"}],"version-history":[{"count":6,"href":"https:\/\/hopgrade-conseil.fr\/index.php\/wp-json\/wp\/v2\/pages\/51\/revisions"}],"predecessor-version":[{"id":171,"href":"https:\/\/hopgrade-conseil.fr\/index.php\/wp-json\/wp\/v2\/pages\/51\/revisions\/171"}],"wp:attachment":[{"href":"https:\/\/hopgrade-conseil.fr\/index.php\/wp-json\/wp\/v2\/media?parent=51"}],"curies":[{"name":"wp","href":"https:\/\/api.w.org\/{rel}","templated":true}]}}